{"id":15,"date":"2025-03-16T17:48:53","date_gmt":"2025-03-16T17:48:53","guid":{"rendered":"https:\/\/zukunftswerkstatt.net\/?page_id=15"},"modified":"2025-03-16T17:50:37","modified_gmt":"2025-03-16T17:50:37","slug":"foerderverein-altes-saegwerg-das-alte-saegewerk-wiederbeleben","status":"publish","type":"page","link":"https:\/\/zukunftswerkstatt.net\/","title":{"rendered":"F\u00f6rderverein Altes S\u00e4gwerg: das Alte S\u00e4gewerk wiederbeleben"},"content":{"rendered":"\n<p>Leben Sie gern in R\u00f6thenbach? Dann kennen Sie bestimmt das&nbsp;<strong>Alte S\u00e4gewerk<\/strong>&nbsp;\u2013 und vielleicht haben Sie sich schon gefragt, was aus diesem besonderen Ort werden soll. Jahrelang ungenutzt, aber in perfekter Lage.<\/p>\n\n\n\n<p>Unsere Vision:&nbsp;<strong>Ein lebendiges Zentrum f\u00fcr Kultur, Begegnung und Gemeinschaft.<\/strong><\/p>\n\n\n\n<p>\u2022&nbsp;<strong>Ein Treffpunkt f\u00fcr alle<\/strong>&nbsp;\u2013 offen f\u00fcr B\u00fcrger, Vereine und Projekte<\/p>\n\n\n\n<p>\u2022&nbsp;<strong>Eine Plattform f\u00fcr Kultur<\/strong>&nbsp;\u2013 mit Ausstellungen, Auff\u00fchrungen, Workshops und Vortr\u00e4gen<\/p>\n\n\n\n<p>\u2022&nbsp;<strong>Ein Ort zum Erleben und Mitmachen<\/strong>&nbsp;\u2013 Kultur nicht nur konsumieren, sondern gestalten<\/p>\n\n\n\n<p>\u2022&nbsp;<strong>Ein Biergarten &amp; Veranstaltungsraum<\/strong>&nbsp;\u2013 f\u00fcr gesellige Abende und kreative Ideen<\/p>\n\n\n\n<p>Kaum jemand wei\u00df:&nbsp;<strong>Vor \u00fcber 700 Jahren drehte sich hier das erste M\u00fchlenrad<\/strong>, wie Heimatforscher Leonhard Herbst berichtet. Dieses geschichtstr\u00e4chtige Geb\u00e4ude soll nicht verfallen, sondern als&nbsp;<strong>Erg\u00e4nzung zur Stadthalle und dem Mehrgenerationenhaus<\/strong>&nbsp;neue M\u00f6glichkeiten schaffen.<\/p>\n\n\n\n<p>Hier entsteht kein starrer Veranstaltungsort \u2013&nbsp;<strong>hier entsteht ein Raum f\u00fcr Ideen.<\/strong>&nbsp;Machen Sie mit!<\/p>\n\n\n\n<p><\/p>\n\n\n\n<p class=\"has-large-font-size\"><strong>Ziele<\/strong><\/p>\n\n\n\n<p>Das ehemalige S\u00e4gewerk in eine&nbsp;<strong>Kultur- und Zukunftswerkstatt<\/strong>&nbsp;zu verwandeln, ist keine Privatangelegenheit \u2013 es ist ein Gemeinschaftsprojekt f\u00fcr R\u00f6thenbach.<\/p>\n\n\n\n<p>Deshalb wurde der&nbsp;<strong>gemeinn\u00fctzige F\u00f6rderverein<\/strong>&nbsp;gegr\u00fcndet. Sein Ziel: gemeinsam mit B\u00fcrgerinnen und B\u00fcrgern, Stadtvertretungen und Unterst\u00fctzenden das Vorhaben nachhaltig voranzutreiben. Die Voraussetzungen sind gut, das Interesse gro\u00df \u2013 jetzt geht es darum,&nbsp;<strong>Theorie in Praxis umzusetzen<\/strong>.<\/p>\n\n\n\n<p>Doch der Verein ist nicht nur mit der Neugestaltung des S\u00e4gewerks besch\u00e4ftigt \u2013 er setzte bereits Impulse:<\/p>\n\n\n\n<p>\u2022&nbsp;Engagement bei den&nbsp;<strong>Projekttagen der Geschwister-Scholl-Mittelschule<\/strong>&nbsp;zum Thema \u201eGelebte Migrationsstadt R\u00f6thenbach\u201c<\/p>\n\n\n\n<p>\u2022&nbsp;Unterst\u00fctzung bei der Realisierung eines&nbsp;<strong>\u201eGr\u00fcnen Klassenzimmers\u201c<\/strong>&nbsp;\u2013 im Sinne von Peter Conradtys Erbe zwischen Mensch, Natur und sozialer Verantwortung<\/p>\n\n\n\n<p>\u2022&nbsp;Unterst\u00fctzung der Realschule R\u00f6thenbach beim Bildungsprojekt \u201eStarwalker\u201c<\/p>\n\n\n\n<p>Mit Kompetenz, Begeisterung und Tatkraft bringt der Verein das Projekt Schritt f\u00fcr Schritt voran!<\/p>\n\n\n\n<p><\/p>\n\n\n\n<p class=\"has-large-font-size\"><strong>N\u00e4chste Schritte: Jetzt f\u00fcr R\u00f6thenbach engagieren!<\/strong><\/p>\n\n\n\n<p>Der Name&nbsp;<strong>Conradty<\/strong>&nbsp;ist untrennbar mit R\u00f6thenbach verbunden \u2013 von Kindergarten \u00fcber Krankenhaus bis hin zur historischen Arbeitersiedlung. Verantwortung f\u00fcr die Gemeinschaft war f\u00fcr die Unternehmerfamilie stets gelebte Praxis.<\/p>\n\n\n\n<p>Auch Peter Conradty dachte \u00fcber seine Zeit hinaus: Noch vor seinem Tod \u00e4u\u00dferte er den Wunsch, dass dieses wertvolle Gel\u00e4nde nicht einfach einem B\u00fcrogeb\u00e4ude weichen soll, sondern als&nbsp;<strong>Kulturst\u00e4tte f\u00fcr ganz R\u00f6thenbach<\/strong> genutzt wird. Sein Angebot an die Stadt:&nbsp;<strong>25 Jahre kostenlose Nutzung f\u00fcr dieses Projekt.<\/strong><\/p>\n\n\n\n<p>Eine gro\u00dfz\u00fcgige Geste \u2013 und eine Verpflichtung, diese Vision Wirklichkeit werden zu lassen. Jetzt hei\u00dft es:&nbsp;<strong>Mitmachen und R\u00f6thenbach gemeinsam gestalten!<\/strong><\/p>\n\n\n\n<p><\/p>\n\n\n\n<p class=\"has-large-font-size\"><strong>Wie geht es weiter?<\/strong><\/p>\n\n\n\n<p>Das steht momentan offen, doch wir arbeiten daran und bleiben dran!<\/p>\n\n\n\n<p>Interessiert, mitzuwirken?<\/p>\n\n\n\n<p><\/p>\n\n\n\n<p class=\"has-large-font-size\"><strong>Kontakt<\/strong><\/p>\n\n\n\n<p>F\u00f6rderverein Altes S\u00e4gwerg \u2013 Peter-Conradty-Haus e.V.\u2028<\/p>\n\n\n\n<p>c\/o Haluk Soyoglu\u2028, 1. Vorsitzender<\/p>\n\n\n\n<p>Gr\u00fcnthal 2, \u202890552 R\u00f6thenbach a.d.Pegnitz\u2028<\/p>\n\n\n\n<p>Mail: post (at) zukunftswerkstatt (.) net<\/p>\n\n\n\n<p>Der F\u00f6rderverein Altes S\u00e4gwerg \u2013 Peter-Conradty-Haus e.V. ist eingetragen im Vereinsregister N\u00fcrnberg, VR 201462. Die Gemeinn\u00fctzigkeit des F\u00f6rdervereins wurde vom Zentralfinanzamt N\u00fcrnberg mit Schreiben vom 10.6.2013 anerkannt.<\/p>\n","protected":false},"excerpt":{"rendered":"<p>Leben Sie gern in R\u00f6thenbach? Dann kennen Sie bestimmt das&nbsp;Alte S\u00e4gewerk&nbsp;\u2013 und vielleicht haben Sie sich schon gefragt, was aus diesem besonderen Ort werden soll&#8230;.<\/p>\n","protected":false},"author":1,"featured_media":0,"parent":0,"menu_order":0,"comment_status":"closed","ping_status":"closed","template":"","meta":{"footnotes":""},"class_list":["post-15","page","type-page","status-publish","hentry"],"_links":{"self":[{"href":"https:\/\/zukunftswerkstatt.net\/index.php?rest_route=\/wp\/v2\/pages\/15","targetHints":{"allow":["GET"]}}],"collection":[{"href":"https:\/\/zukunftswerkstatt.net\/index.php?rest_route=\/wp\/v2\/pages"}],"about":[{"href":"https:\/\/zukunftswerkstatt.net\/index.php?rest_route=\/wp\/v2\/types\/page"}],"author":[{"embeddable":true,"href":"https:\/\/zukunftswerkstatt.net\/index.php?rest_route=\/wp\/v2\/users\/1"}],"replies":[{"embeddable":true,"href":"https:\/\/zukunftswerkstatt.net\/index.php?rest_route=%2Fwp%2Fv2%2Fcomments&post=15"}],"version-history":[{"count":3,"href":"https:\/\/zukunftswerkstatt.net\/index.php?rest_route=\/wp\/v2\/pages\/15\/revisions"}],"predecessor-version":[{"id":20,"href":"https:\/\/zukunftswerkstatt.net\/index.php?rest_route=\/wp\/v2\/pages\/15\/revisions\/20"}],"wp:attachment":[{"href":"https:\/\/zukunftswerkstatt.net\/index.php?rest_route=%2Fwp%2Fv2%2Fmedia&parent=15"}],"curies":[{"name":"wp","href":"https:\/\/api.w.org\/{rel}","templated":true}]}}